{"id":59,"date":"2026-03-03T17:40:18","date_gmt":"2026-03-03T17:40:18","guid":{"rendered":"https:\/\/strefa-kobiecosci.pl\/index.php\/strona-glowna\/"},"modified":"2026-03-03T17:40:21","modified_gmt":"2026-03-03T17:40:21","slug":"strona-glowna","status":"publish","type":"page","link":"https:\/\/strefa-kobiecosci.pl\/","title":{"rendered":"Strona g\u0142\u00f3wna"},"content":{"rendered":"\n  \n    <section class=\"skrollable skrollable-between u-align-center u-clearfix u-container-align-center u-image u-shading u-section-1\" id=\"sec-6ce6\" src=\"\" data-image-width=\"1920\" data-image-height=\"1080\" style=\"background-image: linear-gradient(0deg, rgba(0, 0, 0, 0.5), rgba(0, 0, 0, 0.5)), url(&quot;https:\/\/strefa-kobiecosci.pl\/wp-content\/uploads\/2026\/03\/Projektbeznazwy-2025-10-06T155429.063.png&quot;);\">\n      <div class=\"u-clearfix u-sheet u-sheet-1\">\n        <h1 class=\"u-align-center u-custom-font u-font-playfair-display u-text u-text-1\" data-animation-name=\"customAnimationIn\" data-animation-duration=\"1500\"> Strefa Kobieco\u015bci&nbsp;<\/h1>\n        <h1 class=\"u-align-center u-custom-font u-font-playfair-display u-text u-text-2\" data-animation-name=\"customAnimationIn\" data-animation-duration=\"1500\">\u017bANETA PTAK<\/h1>\n        <p class=\"u-align-center u-custom-font u-heading-font u-large-text u-text u-text-variant u-text-3\" data-animation-name=\"customAnimationIn\" data-animation-duration=\"1500\" data-animation-delay=\"250\"> Salon fryzjerski dla kobiet, kt\u00f3re chc\u0105 wygl\u0105da\u0107 i czu\u0107 si\u0119 wyj\u0105tkowo. <\/p>\n        <a href=\"https:\/\/booksy.com\/pl-pl\/96737_strefa-kobiecosci-zaneta-ptak_fryzjer_11597_katowice?do=invite&amp;_branch_match_id=1388479651281426314&amp;utm_medium=profile_share_from_profile&amp;_branch_referrer=H4sIAAAAAAAAA8soKSkottLXT07J0UvKz88urtRLzs%2FVT6vIMHdJcTEuCEuyrytKTUstKsrMS49PKsovL04tsvUvSC1KBAD45xu8OwAAAA%3D%3D\" class=\"u-active-white u-align-center u-border-none u-btn u-button-style u-hover-white u-palette-1-base u-text-active-palette-1-base u-text-hover-palette-1-base u-btn-1\" data-animation-name=\"customAnimationIn\" data-animation-duration=\"1500\" data-animation-delay=\"200\" data-animation-direction=\"\" target=\"_blank\">Zarezerwuj wizyt\u0119<\/a>\n      <\/div>\n    <\/section>\n    <section class=\"u-clearfix u-color-var u-container-align-center u-section-2\" id=\"sec-3ef1\">\n      <div class=\"u-clearfix u-sheet u-valign-middle u-sheet-1\">\n        <div class=\"data-layout-selected u-clearfix u-expanded-width u-gutter-30 u-layout-wrap u-layout-wrap-1\">\n          <div class=\"u-layout\">\n            <div class=\"u-layout-row\">\n              <div class=\"u-align-left u-container-align-left u-container-style u-layout-cell u-shape-rectangle u-size-30-lg u-size-30-xl u-size-30-xxl u-size-60-md u-size-60-sm u-size-60-xs u-layout-cell-1\" data-animation-name=\"customAnimationIn\" data-animation-duration=\"1500\" data-animation-delay=\"200\">\n                <div class=\"u-container-layout u-container-layout-1\">\n                  <h2 class=\"u-align-left u-custom-font u-font-playfair-display u-text u-text-1\">O nas<\/h2>\n                  <div class=\"u-align-left u-border-2 u-border-palette-1-base u-line u-line-horizontal u-line-1\"><\/div>\n                  <p class=\"u-align-left u-custom-font u-font-montserrat u-text u-text-2\"> Strefa pi\u0119kna, w kt\u00f3rej ka\u017cda kobieta czuje si\u0119 wyj\u0105tkowo <\/p>\n                  <p class=\"u-align-left u-custom-font u-font-montserrat u-text u-text-3\"> Strefa Kobieco\u015bci to salon, kt\u00f3ry powsta\u0142 z mi\u0142o\u015bci do fryzjerstwa i kobiecego pi\u0119kna.<br> Tworzymy stylizacje dopasowane do Twojej osobowo\u015bci, urody i trybu \u017cycia.<br> Ka\u017cda wizyta to chwila relaksu, rozmowy i metamorfozy, po kt\u00f3rej wychodzisz z u\u015bmiechem.\n                  <\/p>\n                <\/div>\n              <\/div>\n              <div class=\"u-container-style u-image u-layout-cell u-right-cell u-shape-rectangle u-size-30-lg u-size-30-xl u-size-30-xxl u-size-60-md u-size-60-sm u-size-60-xs u-image-1\" data-image-width=\"736\" data-image-height=\"1000\" data-animation-name=\"customAnimationIn\" data-animation-duration=\"1500\" data-animation-delay=\"200\" style=\"background-image: url(&quot;https:\/\/strefa-kobiecosci.pl\/wp-content\/uploads\/2026\/03\/480278797_1138302131326692_5744118617965445598_n.jpg&quot;);\">\n                <div class=\"u-container-layout u-valign-middle u-container-layout-2\"><\/div>\n              <\/div>\n            <\/div>\n          <\/div>\n        <\/div>\n      <\/div>\n    <\/section>\n    <section class=\"u-align-center u-clearfix u-container-align-center u-custom-color-2 u-section-3\" id=\"carousel_b041\">\n      <div class=\"u-clearfix u-sheet u-valign-middle-md u-valign-middle-sm u-valign-middle-xs u-sheet-1\">\n        <div class=\"u-absolute-hcenter u-align-left u-border-2 u-border-palette-1-base u-line u-line-horizontal u-line-1\"><\/div>\n        <h2 class=\"u-align-center u-custom-font u-font-playfair-display u-text u-text-1\" data-animation-name=\"customAnimationIn\" data-animation-duration=\"1500\" data-animation-delay=\"0\">Nasze us\u0142ugi<\/h2>\n        <img decoding=\"async\" alt=\"\" class=\"custom-expanded u-border-10 u-border-palette-1-base u-image u-image-default u-image-1\" data-image-width=\"736\" data-image-height=\"1000\" src=\"https:\/\/strefa-kobiecosci.pl\/wp-content\/uploads\/2026\/03\/515438854_1249681060188798_8995291433506421668_n.jpg\" data-animation-name=\"customAnimationIn\" data-animation-duration=\"1500\" data-animation-delay=\"0\">\n        <div class=\"custom-expanded u-list u-list-1\">\n          <div class=\"u-repeater u-repeater-1\">\n            <div class=\"u-align-center u-container-align-center u-container-style u-list-item u-palette-1-base u-repeater-item u-shape-rectangle u-list-item-1\" data-animation-name=\"customAnimationIn\" data-animation-duration=\"1200\" data-animation-delay=\"200\">\n              <div class=\"u-container-layout u-similar-container u-container-layout-1\"><span class=\"u-align-center u-custom-item u-file-icon u-icon u-text-white u-icon-1\"><img decoding=\"async\" src=\"https:\/\/strefa-kobiecosci.pl\/wp-content\/uploads\/2026\/03\/8a9b2054.png\" alt=\"\"><\/span>\n                <h4 class=\"u-align-center u-text u-text-default u-text-2\"> Strzy\u017cenie damskie<\/h4>\n              <\/div>\n            <\/div>\n            <div class=\"u-align-center u-container-align-center u-container-style u-list-item u-palette-1-base u-repeater-item u-shape-rectangle u-list-item-2\" data-animation-name=\"customAnimationIn\" data-animation-duration=\"1200\" data-animation-delay=\"200\">\n              <div class=\"u-container-layout u-similar-container u-container-layout-2\"><span class=\"u-align-center u-custom-item u-file-icon u-icon u-text-white u-icon-2\"><img decoding=\"async\" src=\"https:\/\/strefa-kobiecosci.pl\/wp-content\/uploads\/2026\/03\/3a11db41.png\" alt=\"\"><\/span>\n                <h4 class=\"u-align-center u-text u-text-default u-text-3\"> Koloryzacja i refleksy<\/h4>\n              <\/div>\n            <\/div>\n            <div class=\"u-align-center u-container-align-center u-container-style u-list-item u-palette-1-base u-repeater-item u-shape-rectangle u-list-item-3\" data-animation-name=\"customAnimationIn\" data-animation-duration=\"1200\" data-animation-delay=\"200\">\n              <div class=\"u-container-layout u-similar-container u-container-layout-3\"><span class=\"u-align-center u-custom-item u-file-icon u-icon u-text-white u-icon-3\"><img decoding=\"async\" src=\"https:\/\/strefa-kobiecosci.pl\/wp-content\/uploads\/2026\/03\/3bbc5a58.png\" alt=\"\"><\/span>\n                <h4 class=\"u-align-center u-text u-text-default u-text-4\"> Regeneracja i piel\u0119gnacja w\u0142os\u00f3w<\/h4>\n              <\/div>\n            <\/div>\n            <div class=\"u-align-center u-container-align-center u-container-style u-list-item u-palette-1-base u-repeater-item u-shape-rectangle u-list-item-4\" data-animation-name=\"customAnimationIn\" data-animation-duration=\"1200\" data-animation-delay=\"200\">\n              <div class=\"u-container-layout u-similar-container u-container-layout-4\"><span class=\"u-align-center u-custom-item u-file-icon u-icon u-text-white u-icon-4\"><img decoding=\"async\" src=\"https:\/\/strefa-kobiecosci.pl\/wp-content\/uploads\/2026\/03\/fa5d39e4.png\" alt=\"\"><\/span>\n                <h4 class=\"u-align-center u-text u-text-default u-text-5\"> Fryzury okoliczno\u015bciowe<\/h4>\n              <\/div>\n            <\/div>\n            <div class=\"u-align-center u-container-align-center u-container-style u-list-item u-palette-1-base u-repeater-item u-shape-rectangle u-list-item-5\" data-animation-name=\"customAnimationIn\" data-animation-duration=\"1200\" data-animation-delay=\"200\">\n              <div class=\"u-container-layout u-similar-container u-container-layout-5\"><span class=\"u-align-center u-custom-item u-file-icon u-icon u-text-white u-icon-5\"><img decoding=\"async\" src=\"https:\/\/strefa-kobiecosci.pl\/wp-content\/uploads\/2026\/03\/83aa565f.png\" alt=\"\"><\/span>\n                <h4 class=\"u-align-center u-text u-text-default u-text-6\"> Zabiegi wyg\u0142adzaj\u0105ce (keratyna, botoks)<\/h4>\n              <\/div>\n            <\/div>\n            <div class=\"u-align-center u-container-align-center u-container-style u-list-item u-palette-1-base u-repeater-item u-shape-rectangle u-list-item-6\" data-animation-name=\"customAnimationIn\" data-animation-duration=\"1200\" data-animation-delay=\"200\">\n              <div class=\"u-container-layout u-similar-container u-container-layout-6\"><span class=\"u-align-center u-custom-item u-file-icon u-icon u-text-white u-icon-6\"><img decoding=\"async\" src=\"https:\/\/strefa-kobiecosci.pl\/wp-content\/uploads\/2026\/03\/8e2356b0.png\" alt=\"\"><\/span>\n                <h4 class=\"u-align-center u-text u-text-default u-text-7\"> Stylizacja i modelowanie<\/h4>\n              <\/div>\n            <\/div>\n          <\/div>\n        <\/div>\n        <a href=\"https:\/\/strefa-kobiecosci.pl\/index.php\/cennik\/\" class=\"u-btn u-btn-round u-button-style u-hover-palette-1-light-1 u-palette-1-base u-radius u-btn-1\" title=\"Cennik\">CENNIK <\/a>\n      <\/div>\n    <\/section>\n    <section class=\"u-clearfix u-image u-section-4\" id=\"sec-3077\" data-image-width=\"662\" data-image-height=\"750\" style=\"background-image: url(&quot;https:\/\/strefa-kobiecosci.pl\/wp-content\/uploads\/2026\/03\/pexels-photo-7417656.jpeg&quot;);\">\n      <div class=\"u-clearfix u-sheet u-sheet-1\">\n        <div class=\"data-layout-selected u-clearfix u-expanded-width u-layout-wrap u-layout-wrap-1\">\n          <div class=\"u-layout\">\n            <div class=\"u-layout-row\">\n              <div class=\"u-align-center u-container-align-center u-container-style u-grey-5 u-layout-cell u-size-30 u-layout-cell-1\">\n                <div class=\"u-container-layout u-container-layout-1\">\n                  <h4 class=\"u-text u-text-1\">o<\/h4>\n                  <img decoding=\"async\" class=\"u-image u-image-default u-image-1\" src=\"https:\/\/strefa-kobiecosci.pl\/wp-content\/uploads\/2026\/03\/IMG-20251012-WA0012.jpg\" alt=\"\" data-image-width=\"1367\" data-image-height=\"2048\">\n                <\/div>\n              <\/div>\n              <div class=\"u-align-center u-container-align-center u-container-style u-grey-5 u-layout-cell u-size-30 u-layout-cell-2\">\n                <div class=\"u-container-layout u-container-layout-2\">\n                  <h4 class=\"u-text u-text-default u-text-2\">Nasz zesp\u00f3\u0142<\/h4>\n                  <p class=\"u-custom-font u-font-montserrat u-text u-text-black u-text-3\"> Za sukcesem naszego salonu stoj\u0105 ludzie z pasj\u0105 \u2014 styli\u015bci, kt\u00f3rzy kochaj\u0105 to, co robi\u0105. Ka\u017cdy z nas ma sw\u00f3j w\u0142asny styl, do\u015bwiadczenie i specjalizacj\u0119, ale wszyscy \u0142\u0105czy jedno: dba\u0142o\u015b\u0107 o to, by ka\u017cdy klient wychodzi\u0142 od nas z u\u015bmiechem i pewno\u015bci\u0105 siebie.\nNieustannie si\u0119 szkolimy, \u015bledzimy najnowsze trendy i techniki, aby oferowa\u0107 fryzury, kt\u00f3re podkre\u015blaj\u0105 indywidualno\u015b\u0107 i naturalne pi\u0119kno.<br> U nas mo\u017cesz liczy\u0107 na profesjonalizm, serdeczn\u0105 atmosfer\u0119 i prawdziwe zaanga\u017cowanie.\n                  <\/p>\n                <\/div>\n              <\/div>\n            <\/div>\n          <\/div>\n        <\/div>\n      <\/div>\n    <\/section>\n    <section class=\"u-align-center u-clearfix u-container-align-center u-custom-color-2 u-section-5\" id=\"sec-7472\">\n      <div class=\"u-clearfix u-sheet u-sheet-1\">\n        <div class=\"data-layout-selected u-clearfix u-gutter-0 u-layout-wrap u-layout-wrap-1\">\n          <div class=\"u-layout\" style=\"\">\n            <div class=\"u-layout-row\" style=\"\">\n              <div class=\"u-align-center-lg u-align-center-xl u-container-style u-layout-cell u-left-cell u-palette-1-base u-size-30 u-size-xs-60 u-layout-cell-1\" src=\"\" data-animation-name=\"customAnimationIn\" data-animation-duration=\"1500\" data-animation-delay=\"500\">\n                <div class=\"u-container-layout u-valign-bottom-lg u-valign-bottom-xl u-container-layout-1\" src=\"\">\n                  <img decoding=\"async\" src=\"https:\/\/strefa-kobiecosci.pl\/wp-content\/uploads\/2026\/03\/1000018160.jpg\" alt=\"\" class=\"u-expanded-width u-image u-image-default u-image-1\" data-image-width=\"670\" data-image-height=\"875\" data-animation-name=\"customAnimationIn\" data-animation-duration=\"1500\" data-animation-delay=\"500\">\n                <\/div>\n              <\/div>\n              <div class=\"u-align-left u-container-align-left u-container-style u-layout-cell u-right-cell u-size-30 u-size-xs-60 u-white u-layout-cell-2\" data-animation-name=\"customAnimationIn\" data-animation-duration=\"1500\" data-animation-delay=\"750\">\n                <div class=\"u-container-layout u-valign-middle-lg u-valign-middle-md u-valign-middle-sm u-valign-middle-xl u-valign-middle-xs u-container-layout-2\">\n                  <h1 class=\"u-align-left u-custom-font u-font-playfair-display u-text u-text-1\"> Nasza filozofia pi\u0119kna<\/h1>\n                  <div class=\"u-align-left u-border-2 u-border-palette-1-base u-line u-line-horizontal u-line-1\"><\/div>\n                  <p class=\"u-align-left u-custom-font u-font-playfair-display u-text u-text-2\"> Strefa Kobieco\u015bci to nie tylko salon fryzjerski \u2013 to przestrze\u0144, w kt\u00f3rej kobiety mog\u0105 si\u0119 zatrzyma\u0107, odetchn\u0105\u0107 i poczu\u0107 pi\u0119kne.<br> Wierzymy, \u017ce prawdziwe pi\u0119kno zaczyna si\u0119 od dobrego samopoczucia.<br> Dlatego ka\u017cda wizyta to po\u0142\u0105czenie relaksu, rozmowy i profesjonalnej piel\u0119gnacji.\n                  <\/p>\n                  <a href=\"https:\/\/booksy.com\/pl-pl\/96737_strefa-kobiecosci-zaneta-ptak_fryzjer_11597_katowice?do=invite&amp;_branch_match_id=1388479651281426314&amp;utm_medium=profile_share_from_profile&amp;_branch_referrer=H4sIAAAAAAAAA8soKSkottLXT07J0UvKz88urtRLzs%2FVT6vIMHdJcTEuCEuyrytKTUstKsrMS49PKsovL04tsvUvSC1KBAD45xu8OwAAAA%3D%3D\" class=\"u-active-palette-4-dark-2 u-align-left u-border-2 u-border-active-palette-4-dark-2 u-border-hover-palette-4-dark-2 u-border-palette-4-dark-2 u-btn u-button-style u-color-scheme-summer-time u-color-style-multicolor-1 u-hover-palette-4-dark-2 u-text-active-white u-text-black u-text-hover-white u-btn-1\" data-animation-name=\"\" data-animation-duration=\"0\" data-animation-delay=\"0\" data-animation-direction=\"\" target=\"_blank\">ZAPISZ SI\u0118 JU\u017b TERAZ! <\/a>\n                <\/div>\n              <\/div>\n            <\/div>\n          <\/div>\n        <\/div>\n      <\/div>\n    <\/section>\n    <section class=\"u-clearfix u-custom-color-2 u-valign-middle-xs u-section-6\" id=\"sec-359a\">\n      <div class=\"u-absolute-hcenter u-align-left u-border-2 u-border-palette-1-base u-line u-line-horizontal u-line-1\"><\/div>\n      <h4 class=\"u-custom-font u-font-playfair-display u-text u-text-default u-text-1\">Nasze prace<\/h4>\n      <div class=\"u-expanded-width u-list u-list-1\">\n        <div class=\"u-repeater u-repeater-1\">\n          <div class=\"u-container-style u-image u-list-item u-repeater-item u-image-1\" data-image-width=\"3000\" data-image-height=\"4000\" style=\"background-image: url(&quot;https:\/\/strefa-kobiecosci.pl\/wp-content\/uploads\/2026\/03\/20250924_1736311.jpg&quot;);\">\n            <div class=\"u-container-layout u-similar-container u-container-layout-1\"><\/div>\n          <\/div>\n          <div class=\"u-container-style u-image u-list-item u-repeater-item u-image-2\" data-image-width=\"3000\" data-image-height=\"4000\" style=\"background-image: url(&quot;https:\/\/strefa-kobiecosci.pl\/wp-content\/uploads\/2026\/03\/20250826_1514181.jpg&quot;);\">\n            <div class=\"u-container-layout u-similar-container u-container-layout-2\"><\/div>\n          <\/div>\n          <div class=\"u-container-style u-image u-list-item u-repeater-item u-image-3\" data-image-width=\"3000\" data-image-height=\"4000\" style=\"background-image: url(&quot;https:\/\/strefa-kobiecosci.pl\/wp-content\/uploads\/2026\/03\/20250902_1324471.jpg&quot;);\">\n            <div class=\"u-container-layout u-similar-container u-container-layout-3\"><\/div>\n          <\/div>\n        <\/div>\n      <\/div>\n      <a href=\"https:\/\/strefa-kobiecosci.pl\/index.php\/galeria\/\" class=\"u-active-white u-align-center u-border-none u-btn u-button-style u-hover-white u-palette-1-base u-text-active-palette-1-base u-text-hover-palette-1-base u-btn-1\" data-animation-name=\"customAnimationIn\" data-animation-duration=\"1500\" data-animation-delay=\"200\" data-animation-direction=\"\" title=\"Galeria\">ZOBACZ WI\u0118CEJ <\/a>\n    <\/section>\n    <section class=\"u-align-center u-clearfix u-container-align-center u-custom-color-2 u-section-7\" id=\"sec-f38b\">\n      <div class=\"u-clearfix u-sheet u-valign-middle-lg u-valign-middle-md u-valign-middle-sm u-valign-middle-xl u-valign-middle-xs u-sheet-1\">\n        <div class=\"data-layout-selected u-clearfix u-expanded-width u-gutter-22 u-layout-wrap u-layout-wrap-1\">\n          <div class=\"u-layout\">\n            <div class=\"u-layout-row\">\n              <div class=\"u-align-center u-container-align-center u-container-style u-layout-cell u-right-cell u-shape-rectangle u-size-26 u-layout-cell-1\" data-animation-name=\"customAnimationIn\" data-animation-duration=\"1250\" data-animation-delay=\"500\">\n                <div class=\"u-container-layout u-container-layout-1\">\n                  <h2 class=\"u-custom-font u-font-playfair-display u-text u-text-default u-text-1\">Skontaktuj si\u0119 z nami<\/h2>\n                  <div class=\"u-align-left u-border-2 u-border-palette-1-base u-line u-line-horizontal u-line-1\"><\/div>\n                  <h2 class=\"u-text u-text-2\">nr tel: \u200b516 359 537<\/h2>\n                  <h2 class=\"u-text u-text-3\"> ul. Andrzeja 8 , Katowice<\/h2>\n                  <h2 class=\"u-text u-text-4\">Studio-zanett@o2.pl<\/h2>\n                  <div class=\"u-social-icons u-social-icons-1\">\n                    <a class=\"u-social-url\" title=\"facebook\" target=\"_blank\" href=\"https:\/\/www.facebook.com\/studiofryzjerskiezanett\"><span class=\"u-icon u-social-facebook u-social-icon u-icon-1\"><svg class=\"u-svg-link\" preserveAspectRatio=\"xMidYMin slice\" viewBox=\"0 0 112 112\" style=\"\"><use xlink:href=\"#svg-003d\"><\/use><\/svg><svg class=\"u-svg-content\" viewBox=\"0 0 112 112\" x=\"0\" y=\"0\" id=\"svg-003d\"><path fill=\"currentColor\" d=\"M75.5,28.8H65.4c-1.5,0-4,0.9-4,4.3v9.4h13.9l-1.5,15.8H61.4v45.1H42.8V58.3h-8.8V42.4h8.8V32.2\nc0-7.4,3.4-18.8,18.8-18.8h13.8v15.4H75.5z\"><\/path><\/svg><\/span>\n                    <\/a>\n                    <a class=\"u-social-url\" title=\"instagram\" target=\"_blank\" href=\"https:\/\/www.instagram.com\/studio_fryzjerskie_zanett\"><span class=\"u-icon u-social-icon u-social-instagram u-icon-2\"><svg class=\"u-svg-link\" preserveAspectRatio=\"xMidYMin slice\" viewBox=\"0 0 112 112\" style=\"\"><use xlink:href=\"#svg-593c\"><\/use><\/svg><svg class=\"u-svg-content\" viewBox=\"0 0 112 112\" x=\"0\" y=\"0\" id=\"svg-593c\"><path fill=\"currentColor\" d=\"M55.9,32.9c-12.8,0-23.2,10.4-23.2,23.2s10.4,23.2,23.2,23.2s23.2-10.4,23.2-23.2S68.7,32.9,55.9,32.9z\n\t M55.9,69.4c-7.4,0-13.3-6-13.3-13.3c-0.1-7.4,6-13.3,13.3-13.3s13.3,6,13.3,13.3C69.3,63.5,63.3,69.4,55.9,69.4z\"><\/path><path fill=\"currentColor\" d=\"M78.2,11H33.5C21,11,10.8,21.3,10.8,33.7v44.7c0,12.6,10.2,22.8,22.7,22.8h44.7c12.6,0,22.7-10.2,22.7-22.7\n\tV33.7C100.8,21.1,90.6,11,78.2,11z M91,78.4c0,7.1-5.8,12.8-12.8,12.8H33.5c-7.1,0-12.8-5.8-12.8-12.8V33.7\n\tc0-7.1,5.8-12.8,12.8-12.8h44.7c7.1,0,12.8,5.8,12.8,12.8V78.4z\"><\/path><\/svg><\/span>\n                    <\/a>\n                  <\/div>\n                <\/div>\n              <\/div>\n              <div class=\"u-align-center u-container-align-center u-container-style u-layout-cell u-shape-rectangle u-size-34 u-layout-cell-2\" data-animation-name=\"customAnimationIn\" data-animation-duration=\"1500\" data-animation-delay=\"500\">\n                <div class=\"u-container-layout u-valign-top u-container-layout-2\">\n                  <div class=\"custom-expanded u-form u-form-1\">\n                    <form action=\"https:\/\/service.nicepagesrv.com\/form\/v4\/form-process\" class=\"u-clearfix u-form-spacing-15 u-form-vertical u-inner-form\" style=\"padding: 0;\" source=\"email\" name=\"form\">\n                      <div class=\"u-form-group u-form-name\">\n                        <label for=\"name-daf4\" class=\"u-label\">Imi\u0119<\/label>\n                        <input type=\"text\" id=\"name-daf4\" name=\"name\" class=\"u-border-2 u-border-black u-border-no-left u-border-no-right u-border-no-top u-input u-input-rectangle\" required=\"\">\n                      <\/div>\n                      <div class=\"u-form-email u-form-group\">\n                        <label for=\"email-daf4\" class=\"u-label\">Email<\/label>\n                        <input type=\"email\" placeholder=\"Enter a valid email address\" id=\"email-daf4\" name=\"email\" class=\"u-border-2 u-border-black u-border-no-left u-border-no-right u-border-no-top u-input u-input-rectangle\" required=\"\">\n                      <\/div>\n                      <div class=\"u-form-group u-form-message\">\n                        <label for=\"message-daf4\" class=\"u-label\">Wiadomo\u015b\u0107<\/label>\n                        <textarea placeholder=\"\" rows=\"4\" cols=\"50\" id=\"message-daf4\" name=\"message\" class=\"u-border-2 u-border-black u-border-no-left u-border-no-right u-border-no-top u-input u-input-rectangle\" required=\"\"><\/textarea>\n                      <\/div>\n                      <div class=\"u-form-agree u-form-group u-form-group-4\">\n                        <label class=\"u-text-1 u-field-label\" style=\"\"><\/label>\n                        <input type=\"checkbox\" id=\"agree-f183\" name=\"agree\" class=\"u-agree-checkbox u-field-input\" required=\"\">\n                        <label for=\"agree-f183\" class=\"u-text-1 u-field-label\" style=\"\">Akceptuj\u0119 <a href=\"#\">Terms of Service<\/a>\n                        <\/label>\n                      <\/div>\n                      <div class=\"u-align-left u-form-group u-form-submit\">\n                        <a href=\"#\" class=\"u-active-palette-1-light-2 u-border-none u-btn u-btn-round u-btn-submit u-button-style u-hover-palette-1-light-1 u-palette-1-base u-radius-50 u-btn-1\">WY\u015aLIJ<\/a>\n                        <input type=\"submit\" value=\"submit\" class=\"u-form-control-hidden\">\n                      <\/div>\n                      <div class=\"u-form-send-message u-form-send-success\">Dzi\u0119kujemy! Twoja wiadomo\u015b\u0107 zosta\u0142a wys\u0142ana!<\/div>\n                      <div class=\"u-form-send-error u-form-send-message\">Przepraszamy, wiadomo\u015b\u0107 nie mog\u0142a zosta\u0107 wys\u0142ana. Popraw b\u0142\u0119dy i spr\u00f3buj ponownie.<\/div>\n                      <input type=\"hidden\" value=\"\" name=\"recaptchaResponse\">\n                      <input type=\"hidden\" name=\"formServices\" value=\"34d4c7ce-ea68-b064-550d-a7c6864cf02d;38a57578-8c7d-e463-3a27-5db1212408a3\">\n                      <input type=\"hidden\" name=\"siteKey\" value=\"6LeukX4sAAAAACkeow40TdnAHuEzcO2ZsqwE9_y_\">\n                    <\/form>\n                  <\/div>\n                <\/div>\n              <\/div>\n            <\/div>\n          <\/div>\n        <\/div>\n      <\/div>\n    <\/section>\n    \n    \n    \n    \n  \n","protected":false},"excerpt":{"rendered":"<p>Strefa Kobieco\u015bci&nbsp; \u017bANETA PTAK Salon fryzjerski dla kobiet, kt\u00f3re chc\u0105 wygl\u0105da\u0107 i czu\u0107 si\u0119 wyj\u0105tkowo. Zarezerwuj wizyt\u0119 O nas Strefa pi\u0119kna, w kt\u00f3rej ka\u017cda kobieta czuje si\u0119 wyj\u0105tkowo Strefa Kobieco\u015bci to salon, kt\u00f3ry powsta\u0142 z mi\u0142o\u015bci do fryzjerstwa i kobiecego pi\u0119kna. Tworzymy stylizacje dopasowane do Twojej osobowo\u015bci, urody i trybu \u017cycia. Ka\u017cda wizyta to chwila &hellip; <a href=\"https:\/\/strefa-kobiecosci.pl\/\" class=\"more-link\">Continue reading<span class=\"screen-reader-text\"> &#8222;Strona g\u0142\u00f3wna&#8221;<\/span><\/a><\/p>\n","protected":false},"author":1,"featured_media":0,"parent":0,"menu_order":1,"comment_status":"closed","ping_status":"closed","template":"","meta":{"footnotes":""},"class_list":["post-59","page","type-page","status-publish","hentry"],"_links":{"self":[{"href":"https:\/\/strefa-kobiecosci.pl\/index.php\/wp-json\/wp\/v2\/pages\/59","targetHints":{"allow":["GET"]}}],"collection":[{"href":"https:\/\/strefa-kobiecosci.pl\/index.php\/wp-json\/wp\/v2\/pages"}],"about":[{"href":"https:\/\/strefa-kobiecosci.pl\/index.php\/wp-json\/wp\/v2\/types\/page"}],"author":[{"embeddable":true,"href":"https:\/\/strefa-kobiecosci.pl\/index.php\/wp-json\/wp\/v2\/users\/1"}],"replies":[{"embeddable":true,"href":"https:\/\/strefa-kobiecosci.pl\/index.php\/wp-json\/wp\/v2\/comments?post=59"}],"version-history":[{"count":1,"href":"https:\/\/strefa-kobiecosci.pl\/index.php\/wp-json\/wp\/v2\/pages\/59\/revisions"}],"predecessor-version":[{"id":68,"href":"https:\/\/strefa-kobiecosci.pl\/index.php\/wp-json\/wp\/v2\/pages\/59\/revisions\/68"}],"wp:attachment":[{"href":"https:\/\/strefa-kobiecosci.pl\/index.php\/wp-json\/wp\/v2\/media?parent=59"}],"curies":[{"name":"wp","href":"https:\/\/api.w.org\/{rel}","templated":true}]}}